{"id":119,"date":"2020-03-24T15:21:21","date_gmt":"2020-03-24T15:21:21","guid":{"rendered":"https:\/\/www.foodnspire.com\/fi\/about-2\/"},"modified":"2020-06-06T18:43:35","modified_gmt":"2020-06-06T18:43:35","slug":"about","status":"publish","type":"page","link":"https:\/\/www.foodnspire.com\/fi\/about\/","title":{"rendered":"Info"},"content":{"rendered":"\r\n<div class=\"wp-block-atomic-blocks-ab-columns ab-layout-columns-2 ab-2-col-equal\">\r\n<div class=\"ab-layout-column-wrap ab-block-layout-column-gap-1 ab-is-responsive-column\">\r\n<div class=\"wp-block-atomic-blocks-ab-column ab-block-layout-column\">\r\n<div class=\"ab-block-layout-column-inner\">\r\n\r\n<!-- \/wp:atomic-blocks\/ab-columns --><!-- wp:post-content --><!-- wp:media-text {\"align\":\"\",\"mediaId\":69,\"mediaType\":\"image\",\"mediaWidth\":58,\"className\":\"aboutsection aboutpage\"} -->\r\n<div class=\"wp-block-media-text aboutsection aboutpage\" style=\"grid-template-columns: 58% auto;\">\r\n<figure class=\"wp-block-media-text__media\"><img loading=\"lazy\" decoding=\"async\" class=\"aligncenter wp-image-337 size-full\" src=\"https:\/\/www.foodnspire.com\/fi\/wp-content\/uploads\/2020\/05\/piia-doyle.jpg\" alt=\"\" width=\"1429\" height=\"1429\" srcset=\"https:\/\/www.foodnspire.com\/fi\/wp-content\/uploads\/2020\/05\/piia-doyle.jpg 1429w, https:\/\/www.foodnspire.com\/fi\/wp-content\/uploads\/2020\/05\/piia-doyle-300x300.jpg 300w, https:\/\/www.foodnspire.com\/fi\/wp-content\/uploads\/2020\/05\/piia-doyle-1024x1024.jpg 1024w, https:\/\/www.foodnspire.com\/fi\/wp-content\/uploads\/2020\/05\/piia-doyle-150x150.jpg 150w, https:\/\/www.foodnspire.com\/fi\/wp-content\/uploads\/2020\/05\/piia-doyle-768x768.jpg 768w, https:\/\/www.foodnspire.com\/fi\/wp-content\/uploads\/2020\/05\/piia-doyle-75x75.jpg 75w, https:\/\/www.foodnspire.com\/fi\/wp-content\/uploads\/2020\/05\/piia-doyle-600x600.jpg 600w, https:\/\/www.foodnspire.com\/fi\/wp-content\/uploads\/2020\/05\/piia-doyle-500x500.jpg 500w\" sizes=\"auto, (max-width: 1429px) 100vw, 1429px\" \/><\/figure>\r\n<div class=\"wp-block-media-text__content\"><!-- wp:paragraph -->\r\n<p>&nbsp;<\/p>\r\n<!-- \/wp:paragraph -->\r\n\r\n<!-- wp:paragraph -->\r\n<p>Hei, kiva ett\u00e4 olet t\u00e4\u00e4ll\u00e4 selailemassa reseptej\u00e4ni. Olen juoksija, urheilu- ja liikuntatieteiden maisteri sek\u00e4 kolmen lapsen \u00e4iti. Tavoitteeni on aina ollut tarjota perheelleni terveellist\u00e4 kotitekoista ruokaa, joka on yksinkertaista ja nopeaa valmistaa. Kun kaikki vapaa-aika ei mene keitti\u00f6ss\u00e4, j\u00e4\u00e4 aikaa my\u00f6s omille treeneille!<\/p>\r\n<p>Terveelliseenkin el\u00e4m\u00e4\u00e4n kuuluu herkutteluhetket. Meill\u00e4 kaikilla on omat traditiomme ja juhlat, jotka vaativat my\u00f6s jotain <em>hyv\u00e4\u00e4<\/em>. On siis sanomattakin selv\u00e4\u00e4, ett\u00e4 my\u00f6s t\u00e4\u00e4lt\u00e4 l\u00f6ytyy herkuille omistettu j\u00e4lkiruokaosio.<\/p>\r\n<p>Toivottavasti l\u00f6yd\u00e4t t\u00e4\u00e4lt\u00e4 inspiroivia reseptej\u00e4. Kerrothan, kuinka onnistuit!<\/p>\r\n<p>xx Piia<\/p>\r\n<!-- \/wp:paragraph -->\r\n\r\n<!-- wp:heading {\"align\":\"right\",\"level\":4} \/--><\/div>\r\n<\/div>\r\n<!-- \/wp:media-text -->\r\n\r\n<!-- wp:spacer {\"height\":50} -->\r\n<div class=\"wp-block-spacer\" style=\"height: 50px;\" aria-hidden=\"true\">\u00a0<\/div>\r\n<!-- \/wp:spacer -->\r\n\r\n<!-- wp:heading {\"align\":\"center\",\"level\":3} -->\r\n<h3 class=\"has-text-align-center\">Blogista<\/h3>\r\n<p class=\"has-text-align-center\" style=\"text-align: left;\">Ihan teini-i\u00e4st\u00e4 asti olen kirjoitellut yl\u00f6s hyv\u00e4lt\u00e4 kuulostavia reseptej\u00e4 ja leikellyt lehdist\u00e4 ohjeita ja ker\u00e4nnyt niit\u00e4 siististi kansioon. Sama kansio on minulla viel\u00e4kin k\u00e4yt\u00f6ss\u00e4. Asuimme Ruotsissa lasten ollessa pieni\u00e4, jolloin jaoin joitakin <a href=\"https:\/\/www.food-e-matters.com\/homecooking\/\" target=\"_blank\" rel=\"noopener noreferrer\">reseptej\u00e4mme englanniksi<\/a>, mutta silloin aika ei ollut oikea omalle ruokablogille. Kun pidin kotikoulua lapsillemme Lanzarotella, vanhimman lapsen kotitaloustuntien luomuksille loimme oman blogin. Olen my\u00f6s jakanut reseptej\u00e4 juoksijoille <a href=\"https:\/\/www.time-to-run.com\/suomi\/reseptit\" target=\"_blank\" rel=\"noopener noreferrer\">Time-to-Run Suomi<\/a> -sivuilla.<\/p>\r\n<p style=\"text-align: left;\">Reseptien jakaminen on siis ollut jollain tapaa mukana jo yli kymmenen vuotta. Olen t\u00e4t\u00e4 omaa ruokablogia miettinyt jo jonkin aikaa, ja nyt aika tuntuu oikealta sille.\u00a0<\/p>\r\n<p style=\"text-align: left;\">Yksi syy t\u00e4m\u00e4n blogin aloittamiselle oli se, ett\u00e4 joka p\u00e4iv\u00e4isest\u00e4 kokkaamisesta oli tullut yksi inhokkipuuhistani. P\u00e4\u00e4 l\u00f6i tyhj\u00e4\u00e4, kun piti mietti\u00e4 seuraavien p\u00e4ivien ruokia ja ostoslistaa. Olin alkanut inhota viikottaisia kauppareissuja ja jopa perheen illallisaikoja. Jotain oli siis teht\u00e4v\u00e4 ja minun se muutos piti tehd\u00e4. Joten, aloin suunnitella ruokablogia ja testailla uusia sek\u00e4 vanhoja reseptej\u00e4. Sijoitin my\u00f6s Spotify Premiumiin. Hyv\u00e4 musiikki saa aina hyv\u00e4lle tuulelle ja se toimii my\u00f6s kokatessa. N\u00e4ill\u00e4 metodeilla ruoan laitto on taas paljon mukavampaa!\u00a0<\/p>\r\n<p style=\"text-align: left;\">Olen aina yritt\u00e4nyt tarjota perheelleni nopeita, terveellisi\u00e4, ravitsevia ja vaihtelevia ruokia, jotka sopivat budjettiimme ja maistuvat kaikille. Ei ole kuitenkaan aina helppoa mietti\u00e4 t\u00e4llaisia aterioita, kun yksi ei sy\u00f6 lihaa, yksi on suurimmaksi osaksi vegaani, yksi ei sy\u00f6 hiilareita, yksi haluaa ehdottamasti lihaa ja yksi on kaikinpuolin nirso. Kuulostaa kivalta, eik\u00f6 vaan? Kotitekoinen ruoka on kuitenkin aina ollut itselleni itsest\u00e4\u00e4nselvyys ja se on asia, jonka toivon v\u00e4littyv\u00e4n my\u00f6s lapsilleni. Joten jatkan sitke\u00e4sti yritt\u00e4mist\u00e4.<\/p>\r\n<p style=\"text-align: left;\">Ateriamme ovat viime vuosien varrella muuttuneet enemm\u00e4n kasvispainotteisiksi ja vegaaneiksikin, mutta jaan t\u00e4\u00e4ll\u00e4 my\u00f6s meid\u00e4t lihaisat lempparit.\u00a0T\u00e4\u00e4lt\u00e4 l\u00f6yd\u00e4t reseptej\u00e4, jotka ovat kulkeneet matkassa jo monet vuodet, mutta jaan my\u00f6s uudempia tuttavuuksia, joista on tullut osa meid\u00e4n perheen &#8220;<em>peruskauraa<\/em>&#8220;.\u00a0<\/p>\r\n<p style=\"text-align: left;\">T\u00e4m\u00e4 blogi on siis sit\u00e4, mit\u00e4 me sy\u00f6mme ja mit\u00e4 perheelleni laitan uudelleen kerta toisensa j\u00e4lkeen. Toivottavasti l\u00f6yd\u00e4t t\u00e4\u00e4lt\u00e4 inspiraatiota omaan ruoanlaittoon tai l\u00f6yd\u00e4t jotain ihan uutta!<\/p>\r\n<p style=\"text-align: left;\">Kerrothan, miten onnistuit!\u00a0<\/p>\r\n<p>Piia xx<\/p>\r\n<div class=\"wp-block-atomic-blocks-ab-container ab-block-container\">\r\n<div class=\"ab-container-inside\">\r\n<div class=\"ab-container-content\" style=\"max-width: 1200px;\"><!-- \/wp:heading -->\r\n\r\n<!-- wp:spacer {\"height\":30} -->\r\n<div class=\"wp-block-spacer\" style=\"height: 30px;\" aria-hidden=\"true\">\u00a0<\/div>\r\n<!-- \/wp:spacer -->\r\n\r\n<!-- wp:atomic-blocks\/ab-columns {\"columns\":2,\"layout\":\"ab-2-col-equal\",\"columnsGap\":1} -->\r\n<div class=\"wp-block-atomic-blocks-ab-columns ab-layout-columns-2 ab-2-col-equal\">\r\n<div class=\"ab-layout-column-wrap ab-block-layout-column-gap-1 ab-is-responsive-column\"><!-- wp:atomic-blocks\/ab-column -->\r\n<div class=\"wp-block-atomic-blocks-ab-column ab-block-layout-column\">\r\n<div class=\"ab-block-layout-column-inner\"><!-- wp:image {\"id\":450,\"sizeSlug\":\"large\"} -->\r\n<figure class=\"wp-block-image size-large\"><\/figure>\r\n<!-- \/wp:image -->\r\n\r\n<!-- wp:button {\"align\":\"center\",\"className\":\"is-style-outline altbtn\"} --><\/div>\r\n<\/div>\r\n<div class=\"wp-block-atomic-blocks-ab-column ab-block-layout-column\">\r\n<div class=\"ab-block-layout-column-inner\">\r\n<p>&nbsp;<\/p>\r\n<\/div>\r\n<\/div>\r\n<\/div>\r\n<\/div>\r\n<\/div>\r\n<\/div>\r\n<\/div>\r\n<!-- \/wp:atomic-blocks\/ab-container --><!-- \/wp:post-content -->","protected":false},"excerpt":{"rendered":"<p>&nbsp; Hei, kiva ett\u00e4 olet t\u00e4\u00e4ll\u00e4 selailemassa reseptej\u00e4ni. Olen juoksija, urheilu- ja liikuntatieteiden maisteri sek\u00e4 kolmen lapsen \u00e4iti. Tavoitteeni on aina ollut tarjota perheelleni terveellist\u00e4 kotitekoista ruokaa, joka on yksinkertaista ja nopeaa valmistaa. Kun kaikki vapaa-aika ei mene keitti\u00f6ss\u00e4, j\u00e4\u00e4 aikaa my\u00f6s omille treeneille! Terveelliseenkin el\u00e4m\u00e4\u00e4n kuuluu herkutteluhetket. Meill\u00e4 kaikilla on omat traditiomme ja juhlat,&hellip;<\/p>\n","protected":false},"author":1,"featured_media":337,"parent":0,"menu_order":0,"comment_status":"closed","ping_status":"closed","template":"","meta":{"wprm-recipe-roundup-name":"","wprm-recipe-roundup-description":"","_genesis_hide_title":false,"_genesis_hide_breadcrumbs":false,"_genesis_hide_singular_image":true,"_genesis_hide_footer_widgets":false,"_genesis_custom_body_class":"","_genesis_custom_post_class":"","_genesis_layout":"full-width-content","footnotes":""},"class_list":{"0":"post-119","1":"page","2":"type-page","3":"status-publish","4":"has-post-thumbnail","6":"entry","7":"one-fourth"},"featured_image_src":"https:\/\/www.foodnspire.com\/fi\/wp-content\/uploads\/2020\/05\/piia-doyle-600x400.jpg","featured_image_src_square":"https:\/\/www.foodnspire.com\/fi\/wp-content\/uploads\/2020\/05\/piia-doyle-600x600.jpg","_links":{"self":[{"href":"https:\/\/www.foodnspire.com\/fi\/wp-json\/wp\/v2\/pages\/119","targetHints":{"allow":["GET"]}}],"collection":[{"href":"https:\/\/www.foodnspire.com\/fi\/wp-json\/wp\/v2\/pages"}],"about":[{"href":"https:\/\/www.foodnspire.com\/fi\/wp-json\/wp\/v2\/types\/page"}],"author":[{"embeddable":true,"href":"https:\/\/www.foodnspire.com\/fi\/wp-json\/wp\/v2\/users\/1"}],"replies":[{"embeddable":true,"href":"https:\/\/www.foodnspire.com\/fi\/wp-json\/wp\/v2\/comments?post=119"}],"version-history":[{"count":22,"href":"https:\/\/www.foodnspire.com\/fi\/wp-json\/wp\/v2\/pages\/119\/revisions"}],"predecessor-version":[{"id":660,"href":"https:\/\/www.foodnspire.com\/fi\/wp-json\/wp\/v2\/pages\/119\/revisions\/660"}],"wp:featuredmedia":[{"embeddable":true,"href":"https:\/\/www.foodnspire.com\/fi\/wp-json\/wp\/v2\/media\/337"}],"wp:attachment":[{"href":"https:\/\/www.foodnspire.com\/fi\/wp-json\/wp\/v2\/media?parent=119"}],"curies":[{"name":"wp","href":"https:\/\/api.w.org\/{rel}","templated":true}]}}