{"id":117,"date":"2020-03-24T15:21:21","date_gmt":"2020-03-24T15:21:21","guid":{"rendered":"https:\/\/www.foodnspire.com\/fi\/blog-2\/"},"modified":"2020-07-21T17:32:38","modified_gmt":"2020-07-21T17:32:38","slug":"blog-2","status":"publish","type":"page","link":"https:\/\/www.foodnspire.com\/fi\/blogi\/","title":{"rendered":"Blogi"},"content":{"rendered":"<section class=\"ab-block-post-grid featuredpost alignaligcenter\"><div class=\"ab-post-grid-items is-grid columns-1\"><article id=\"post-939\" class=\"ab-post-grid-item post-939 post type-post status-publish format-standard has-post-thumbnail category-blogi tag-arkiruoka tag-ruokasuunnitelma tag-ruokatilaus entry one-fourth\"><div class=\"ab-block-post-grid-image\"><a href=\"https:\/\/www.foodnspire.com\/fi\/blogi\/helpotusta-ruokarumbaan\/\" rel=\"bookmark\" aria-hidden=\"true\" tabindex=\"-1\"><img loading=\"lazy\" decoding=\"async\" width=\"325\" height=\"480\" src=\"https:\/\/www.foodnspire.com\/fi\/wp-content\/uploads\/2021\/02\/arkiruoka-325x480.jpg\" class=\"attachment-genesis-featured-image size-genesis-featured-image\" alt=\"\" srcset=\"https:\/\/www.foodnspire.com\/fi\/wp-content\/uploads\/2021\/02\/arkiruoka-325x480.jpg 325w, https:\/\/www.foodnspire.com\/fi\/wp-content\/uploads\/2021\/02\/arkiruoka-380x560.jpg 380w\" sizes=\"auto, (max-width: 325px) 100vw, 325px\" \/><\/a><\/div><div class=\"ab-block-post-grid-text\"><header class=\"ab-block-post-grid-header\"><h2 class=\"ab-block-post-grid-title\"><div class=\"post-meta\"><a href=\"https:\/\/www.foodnspire.com\/fi\/blogi\/\" rel=\"category tag\">Blogi<\/a><\/div><a href=\"https:\/\/www.foodnspire.com\/fi\/blogi\/helpotusta-ruokarumbaan\/\" rel=\"bookmark\">Helpotusta ruokarumbaan<\/a><\/h2><div class=\"ab-block-post-grid-byline\"><div class=\"ab-block-post-grid-author\" itemprop=\"author\" itemtype=\"https:\/\/schema.org\/Person\"><a class=\"ab-text-link\" href=\"https:\/\/www.foodnspire.com\/fi\/author\/piia\/\" itemprop=\"url\" rel=\"author\"><span itemprop=\"name\">Piia<\/span><\/a><\/div><time datetime=\"2021-02-02T14:44:59+00:00\" class=\"ab-block-post-grid-date\" itemprop=\"datePublished\">February 2, 2021<\/time><\/div><\/header><div class=\"ab-block-post-grid-excerpt\"><p>Helpotusta arkiruokailuun ruokasuunnitelmalla ja nettitilauksella Yksi syy oman blogin aloittamiseen oli ruokatuskan helpottaminen ja kokkausinspiraation nostaminen. Hetkeksi se auttoi, mutta pian tuo jokap\u00e4iv\u00e4inen ruoanlaiton tuska kuitenkin hiipi takaisin. Ensiksikin se ainainen miettiminen, ett\u00e4 mit\u00e4 t\u00e4ll\u00e4 viikolla sy\u00f6d\u00e4\u00e4n. Ruoan pit\u00e4isi maistua suurelle osalle perhett\u00e4, ja olla jokaisen &#8220;tilanteeseen&#8221; sopivaa. Perheess\u00e4 kun on vannoutunut lihan sy\u00f6j\u00e4, kasvissy\u00f6j\u00e4 ja nirso. Jossain vaiheessa lis\u00e4ksi l\u00f6ytyi my\u00f6s yksi vegaani ja karppaaja. Mutta siis uusia konsteja oli l\u00f6ydett\u00e4v\u00e4 omaan ruokarumba-ahdistukseen. Siskoni ovat molemmat tehneet viikottaiset ruokaostoksensa netiss\u00e4 foodie.fi palvelun kautta jo pidemm\u00e4n aikaa. Itsekin sit\u00e4 kokeilin noin vuosi sitten, mutta tilauksen teko tuntui niin vaivalloiselta, ett\u00e4&hellip;<\/p>\n<p><a class=\"ab-block-post-grid-more-link ab-text-link\" href=\"https:\/\/www.foodnspire.com\/fi\/blogi\/helpotusta-ruokarumbaan\/\" rel=\"bookmark\">Jatka lukemista <span class=\"screen-reader-text\">Helpotusta ruokarumbaan<\/span><\/a><\/p><\/div><\/div><\/article>\n<article id=\"post-668\" class=\"ab-post-grid-item post-668 post type-post status-publish format-standard has-post-thumbnail category-blogi tag-fermentoituminen tag-kombucha tag-kombucha-sieni tag-scoby entry one-fourth\"><div class=\"ab-block-post-grid-image\"><a href=\"https:\/\/www.foodnspire.com\/fi\/blogi\/valmista-itse-kombuchaa\/\" rel=\"bookmark\" aria-hidden=\"true\" tabindex=\"-1\"><img loading=\"lazy\" decoding=\"async\" width=\"325\" height=\"480\" src=\"https:\/\/www.foodnspire.com\/fi\/wp-content\/uploads\/2020\/06\/home-made-kombucha-1-325x480.jpg\" class=\"attachment-genesis-featured-image size-genesis-featured-image\" alt=\"\" srcset=\"https:\/\/www.foodnspire.com\/fi\/wp-content\/uploads\/2020\/06\/home-made-kombucha-1-325x480.jpg 325w, https:\/\/www.foodnspire.com\/fi\/wp-content\/uploads\/2020\/06\/home-made-kombucha-1-380x560.jpg 380w\" sizes=\"auto, (max-width: 325px) 100vw, 325px\" \/><\/a><\/div><div class=\"ab-block-post-grid-text\"><header class=\"ab-block-post-grid-header\"><h2 class=\"ab-block-post-grid-title\"><div class=\"post-meta\"><a href=\"https:\/\/www.foodnspire.com\/fi\/blogi\/\" rel=\"category tag\">Blogi<\/a><\/div><a href=\"https:\/\/www.foodnspire.com\/fi\/blogi\/valmista-itse-kombuchaa\/\" rel=\"bookmark\">Valmista itse kombuchaa<\/a><\/h2><div class=\"ab-block-post-grid-byline\"><div class=\"ab-block-post-grid-author\" itemprop=\"author\" itemtype=\"https:\/\/schema.org\/Person\"><a class=\"ab-text-link\" href=\"https:\/\/www.foodnspire.com\/fi\/author\/piia\/\" itemprop=\"url\" rel=\"author\"><span itemprop=\"name\">Piia<\/span><\/a><\/div><time datetime=\"2020-03-21T16:07:00+00:00\" class=\"ab-block-post-grid-date\" itemprop=\"datePublished\">March 21, 2020<\/time><\/div><\/header><div class=\"ab-block-post-grid-excerpt\"><p>Kombucha on noussut rymin\u00e4ll\u00e4 trendikk\u00e4\u00e4ksi terveysjuomaksi. Toisaalta se ei ole mik\u00e4\u00e4n ihme, sill\u00e4 se sis\u00e4lt\u00e4\u00e4 mm. suolistolle suotuisia maitohappobakteereja ja v\u00e4hemm\u00e4n sokeria kuin tavalliset virvoitusjuomat. Terveysvaikutuksista viel\u00e4 hieman lis\u00e4\u00e4 t\u00e4m\u00e4n postauksen lopussa. Kombucha ei kuitenkaan ole mik\u00e4\u00e4n uusi juoma. Sen historia saattaa yletty\u00e4 tuhansienkin vuosien taakse ja juuret n\u00e4ytt\u00e4isiv\u00e4t olevan Ven\u00e4j\u00e4ll\u00e4. Oma ensikosketus kombuchaan tuli 1990-luvulla, kun oma siskoni valmisti juomaa meill\u00e4 kotona. Silloin juomasta k\u00e4ytettiin nime\u00e4 Volgansienitee. Muistan keitti\u00f6n p\u00f6yd\u00e4ll\u00e4 lojuvan 10 L \u00e4mp\u00e4rin ja \u00e4mp\u00e4rin pinnalla lilluvan &#8220;mielenkiintoisen&#8221; sienen. T\u00e4ytyy my\u00f6nt\u00e4\u00e4, ett\u00e4 tuolta ajalta ei ole mink\u00e4\u00e4nlaista &#8220;makumuistoa&#8221; juomasta ja mietinkin, ett\u00e4 uskalsinkohan sit\u00e4 tuolloin edes maistaa. Kaikkea&hellip;<\/p>\n<p><a class=\"ab-block-post-grid-more-link ab-text-link\" href=\"https:\/\/www.foodnspire.com\/fi\/blogi\/valmista-itse-kombuchaa\/\" rel=\"bookmark\">Jatka lukemista <span class=\"screen-reader-text\">Valmista itse kombuchaa<\/span><\/a><\/p><\/div><\/div><\/article>\n<\/div><\/section>\n\n\n<p><\/p>\n","protected":false},"excerpt":{"rendered":"","protected":false},"author":1,"featured_media":0,"parent":0,"menu_order":0,"comment_status":"closed","ping_status":"closed","template":"","meta":{"wprm-recipe-roundup-name":"","wprm-recipe-roundup-description":"","_genesis_hide_title":false,"_genesis_hide_breadcrumbs":false,"_genesis_hide_singular_image":false,"_genesis_hide_footer_widgets":false,"_genesis_custom_body_class":"","_genesis_custom_post_class":"","_genesis_layout":"full-width-content","footnotes":""},"class_list":{"0":"post-117","1":"page","2":"type-page","3":"status-publish","5":"entry","6":"has-post-thumbnail","7":"one-fourth"},"featured_image_src":null,"featured_image_src_square":null,"_links":{"self":[{"href":"https:\/\/www.foodnspire.com\/fi\/wp-json\/wp\/v2\/pages\/117","targetHints":{"allow":["GET"]}}],"collection":[{"href":"https:\/\/www.foodnspire.com\/fi\/wp-json\/wp\/v2\/pages"}],"about":[{"href":"https:\/\/www.foodnspire.com\/fi\/wp-json\/wp\/v2\/types\/page"}],"author":[{"embeddable":true,"href":"https:\/\/www.foodnspire.com\/fi\/wp-json\/wp\/v2\/users\/1"}],"replies":[{"embeddable":true,"href":"https:\/\/www.foodnspire.com\/fi\/wp-json\/wp\/v2\/comments?post=117"}],"version-history":[{"count":3,"href":"https:\/\/www.foodnspire.com\/fi\/wp-json\/wp\/v2\/pages\/117\/revisions"}],"predecessor-version":[{"id":944,"href":"https:\/\/www.foodnspire.com\/fi\/wp-json\/wp\/v2\/pages\/117\/revisions\/944"}],"wp:attachment":[{"href":"https:\/\/www.foodnspire.com\/fi\/wp-json\/wp\/v2\/media?parent=117"}],"curies":[{"name":"wp","href":"https:\/\/api.w.org\/{rel}","templated":true}]}}