{"id":116,"date":"2020-03-24T15:21:21","date_gmt":"2020-03-24T15:21:21","guid":{"rendered":"https:\/\/www.foodnspire.com\/fi\/homepage-2\/"},"modified":"2026-03-28T13:37:30","modified_gmt":"2026-03-28T13:37:30","slug":"homepage-2","status":"publish","type":"page","link":"https:\/\/www.foodnspire.com\/fi\/","title":{"rendered":"Homepage"},"content":{"rendered":"\n<div style=\"height:30px\" aria-hidden=\"true\" class=\"wp-block-spacer\"><\/div>\n\n\n<section class=\"ab-block-post-grid featuredpost alignaligcenter\"><div class=\"ab-post-grid-items is-grid columns-4\"><article id=\"post-981\" class=\"ab-post-grid-item post-981 post type-post status-publish format-standard has-post-thumbnail category-kasvis category-paaruoka category-vegaani tag-arkiruoka tag-papucurry tag-vegaani entry one-fourth\"><div class=\"ab-block-post-grid-image\"><a href=\"https:\/\/www.foodnspire.com\/fi\/paaruoka\/kasvis\/papucurry\/\" rel=\"bookmark\" aria-hidden=\"true\" tabindex=\"-1\"><img loading=\"lazy\" decoding=\"async\" width=\"325\" height=\"480\" src=\"https:\/\/www.foodnspire.com\/fi\/wp-content\/uploads\/2021\/03\/papucurry960x1200-325x480.jpg\" class=\"attachment-genesis-featured-image size-genesis-featured-image\" alt=\"\" srcset=\"https:\/\/www.foodnspire.com\/fi\/wp-content\/uploads\/2021\/03\/papucurry960x1200-325x480.jpg 325w, https:\/\/www.foodnspire.com\/fi\/wp-content\/uploads\/2021\/03\/papucurry960x1200-380x560.jpg 380w\" sizes=\"auto, (max-width: 325px) 100vw, 325px\" \/><\/a><\/div><div class=\"ab-block-post-grid-text\"><header class=\"ab-block-post-grid-header\"><h4 class=\"ab-block-post-grid-title\"><div class=\"post-meta\"><a href=\"https:\/\/www.foodnspire.com\/fi\/paaruoka\/kasvis\/\" rel=\"category tag\">Kasvis<\/a>, <a href=\"https:\/\/www.foodnspire.com\/fi\/paaruoka\/\" rel=\"category tag\">P\u00e4\u00e4ruoka<\/a>, <a href=\"https:\/\/www.foodnspire.com\/fi\/vegaani\/\" rel=\"category tag\">Vegaani<\/a><\/div><a href=\"https:\/\/www.foodnspire.com\/fi\/paaruoka\/kasvis\/papucurry\/\" rel=\"bookmark\">Papucurry<\/a><\/h4><div class=\"ab-block-post-grid-byline\"><\/div><\/header><div class=\"ab-block-post-grid-excerpt\"><\/div><\/div><\/article>\n<article id=\"post-991\" class=\"ab-post-grid-item post-991 post type-post status-publish format-standard has-post-thumbnail category-lisuke category-vegaani tag-basmatiriisi tag-jasmiiniriisi tag-kuinka-keittaa-riisia tag-riisi tag-taydellinen-riisi entry one-fourth\"><div class=\"ab-block-post-grid-image\"><a href=\"https:\/\/www.foodnspire.com\/fi\/lisuke\/taydellinen-riisi\/\" rel=\"bookmark\" aria-hidden=\"true\" tabindex=\"-1\"><img loading=\"lazy\" decoding=\"async\" width=\"325\" height=\"480\" src=\"https:\/\/www.foodnspire.com\/fi\/wp-content\/uploads\/2021\/03\/riisi.960x1200-325x480.jpg\" class=\"attachment-genesis-featured-image size-genesis-featured-image\" alt=\"\" srcset=\"https:\/\/www.foodnspire.com\/fi\/wp-content\/uploads\/2021\/03\/riisi.960x1200-325x480.jpg 325w, https:\/\/www.foodnspire.com\/fi\/wp-content\/uploads\/2021\/03\/riisi.960x1200-380x560.jpg 380w\" sizes=\"auto, (max-width: 325px) 100vw, 325px\" \/><\/a><\/div><div class=\"ab-block-post-grid-text\"><header class=\"ab-block-post-grid-header\"><h4 class=\"ab-block-post-grid-title\"><div class=\"post-meta\"><a href=\"https:\/\/www.foodnspire.com\/fi\/lisuke\/\" rel=\"category tag\">Lisuke<\/a>, <a href=\"https:\/\/www.foodnspire.com\/fi\/vegaani\/\" rel=\"category tag\">Vegaani<\/a><\/div><a href=\"https:\/\/www.foodnspire.com\/fi\/lisuke\/taydellinen-riisi\/\" rel=\"bookmark\">T\u00e4ydellinen riisi<\/a><\/h4><div class=\"ab-block-post-grid-byline\"><\/div><\/header><div class=\"ab-block-post-grid-excerpt\"><\/div><\/div><\/article>\n<article id=\"post-932\" class=\"ab-post-grid-item post-932 post type-post status-publish format-standard has-post-thumbnail category-liha category-paaruoka tag-arkiruoka tag-paprika tag-taytetyt-paprikat entry one-fourth\"><div class=\"ab-block-post-grid-image\"><a href=\"https:\/\/www.foodnspire.com\/fi\/paaruoka\/liha\/taytetyt-paprikat\/\" rel=\"bookmark\" aria-hidden=\"true\" tabindex=\"-1\"><img loading=\"lazy\" decoding=\"async\" width=\"325\" height=\"480\" src=\"https:\/\/www.foodnspire.com\/fi\/wp-content\/uploads\/2021\/02\/taytetyt-paprikat-325x480.jpg\" class=\"attachment-genesis-featured-image size-genesis-featured-image\" alt=\"\" srcset=\"https:\/\/www.foodnspire.com\/fi\/wp-content\/uploads\/2021\/02\/taytetyt-paprikat-325x480.jpg 325w, https:\/\/www.foodnspire.com\/fi\/wp-content\/uploads\/2021\/02\/taytetyt-paprikat-380x560.jpg 380w\" sizes=\"auto, (max-width: 325px) 100vw, 325px\" \/><\/a><\/div><div class=\"ab-block-post-grid-text\"><header class=\"ab-block-post-grid-header\"><h4 class=\"ab-block-post-grid-title\"><div class=\"post-meta\"><a href=\"https:\/\/www.foodnspire.com\/fi\/paaruoka\/liha\/\" rel=\"category tag\">Liha<\/a>, <a href=\"https:\/\/www.foodnspire.com\/fi\/paaruoka\/\" rel=\"category tag\">P\u00e4\u00e4ruoka<\/a><\/div><a href=\"https:\/\/www.foodnspire.com\/fi\/paaruoka\/liha\/taytetyt-paprikat\/\" rel=\"bookmark\">T\u00e4ytetyt paprikat<\/a><\/h4><div class=\"ab-block-post-grid-byline\"><\/div><\/header><div class=\"ab-block-post-grid-excerpt\"><\/div><\/div><\/article>\n<article id=\"post-939\" class=\"ab-post-grid-item post-939 post type-post status-publish format-standard has-post-thumbnail category-blogi tag-arkiruoka tag-ruokasuunnitelma tag-ruokatilaus entry one-fourth\"><div class=\"ab-block-post-grid-image\"><a href=\"https:\/\/www.foodnspire.com\/fi\/blogi\/helpotusta-ruokarumbaan\/\" rel=\"bookmark\" aria-hidden=\"true\" tabindex=\"-1\"><img loading=\"lazy\" decoding=\"async\" width=\"325\" height=\"480\" src=\"https:\/\/www.foodnspire.com\/fi\/wp-content\/uploads\/2021\/02\/arkiruoka-325x480.jpg\" class=\"attachment-genesis-featured-image size-genesis-featured-image\" alt=\"\" srcset=\"https:\/\/www.foodnspire.com\/fi\/wp-content\/uploads\/2021\/02\/arkiruoka-325x480.jpg 325w, https:\/\/www.foodnspire.com\/fi\/wp-content\/uploads\/2021\/02\/arkiruoka-380x560.jpg 380w\" sizes=\"auto, (max-width: 325px) 100vw, 325px\" \/><\/a><\/div><div class=\"ab-block-post-grid-text\"><header class=\"ab-block-post-grid-header\"><h4 class=\"ab-block-post-grid-title\"><div class=\"post-meta\"><a href=\"https:\/\/www.foodnspire.com\/fi\/blogi\/\" rel=\"category tag\">Blogi<\/a><\/div><a href=\"https:\/\/www.foodnspire.com\/fi\/blogi\/helpotusta-ruokarumbaan\/\" rel=\"bookmark\">Helpotusta ruokarumbaan<\/a><\/h4><div class=\"ab-block-post-grid-byline\"><\/div><\/header><div class=\"ab-block-post-grid-excerpt\"><\/div><\/div><\/article>\n<\/div><\/section>\n\n\n<div style=\"height:30px\" aria-hidden=\"true\" class=\"wp-block-spacer\"><\/div>\n\n\n\n<div class=\"wp-block-group alignwide\"><div class=\"wp-block-group__inner-container is-layout-flow wp-block-group-is-layout-flow\"><\/div><\/div>\n\n\n\n<div class=\"wp-block-group\"><div class=\"wp-block-group__inner-container is-layout-flow wp-block-group-is-layout-flow\">\n<div class=\"wp-block-media-text alignwide is-stacked-on-mobile aboutsection\" style=\"grid-template-columns:42% auto\"><figure class=\"wp-block-media-text__media\"><img loading=\"lazy\" decoding=\"async\" width=\"1024\" height=\"751\" src=\"https:\/\/www.foodnspire.com\/fi\/wp-content\/uploads\/2020\/05\/piia-doyle.1024.jpg\" alt=\"\" class=\"wp-image-472 size-full\" srcset=\"https:\/\/www.foodnspire.com\/fi\/wp-content\/uploads\/2020\/05\/piia-doyle.1024.jpg 1024w, https:\/\/www.foodnspire.com\/fi\/wp-content\/uploads\/2020\/05\/piia-doyle.1024-300x220.jpg 300w, https:\/\/www.foodnspire.com\/fi\/wp-content\/uploads\/2020\/05\/piia-doyle.1024-768x563.jpg 768w\" sizes=\"auto, (max-width: 1024px) 100vw, 1024px\" \/><\/figure><div class=\"wp-block-media-text__content\">\n<h3 class=\"wp-block-heading\">FoodnSpire Yhteisty\u00f6 <\/h3>\n\n\n\n<p>Jos haluat tehd\u00e4 yhteisty\u00f6t\u00e4 kanssani, niin laitathan meili\u00e4. Katsotaan mit\u00e4 keksit\u00e4\u00e4n!<\/p>\n\n\n\n<div class=\"wp-block-button alignleft btn is-style-outline\"><a class=\"wp-block-button__link\" href=\"https:\/\/www.foodnspire.com\/contact\/\">ota yhteytt\u00e4<\/a><\/div>\n<div class=\"wp-block-button alignleft btn is-style-outline\"><a class=\"wp-block-button__link has-text-color\" style=\"color: #535353;\" href=\"https:\/\/www.foodnspire.com\/fi\/portfolio\/\">ruokakuvaus<\/a><\/div>\n<\/div><\/div>\n<\/div><\/div>\n\n\n\n<div class=\"wp-block-group\"><div class=\"wp-block-group__inner-container is-layout-flow wp-block-group-is-layout-flow\">\n<div class=\"wp-block-group\"><div class=\"wp-block-group__inner-container is-layout-flow wp-block-group-is-layout-flow\"><\/div><\/div>\n\n\n\n<div style=\"height:30px\" aria-hidden=\"true\" class=\"wp-block-spacer\"><\/div>\n\n\n\n<div style=\"height:20px\" aria-hidden=\"true\" class=\"wp-block-spacer\"><\/div>\n\n\n<section class=\"ab-block-post-grid featuredpost alignaligcenter centersection-title\"><h3 class=\"ab-post-grid-section-title\">Vegaanista inspiraatiota<\/h3><div class=\"ab-post-grid-items is-grid columns-3\"><article id=\"post-981\" class=\"ab-post-grid-item post-981 post type-post status-publish format-standard has-post-thumbnail category-kasvis category-paaruoka category-vegaani tag-arkiruoka tag-papucurry tag-vegaani entry one-fourth\"><div class=\"ab-block-post-grid-image\"><a href=\"https:\/\/www.foodnspire.com\/fi\/paaruoka\/kasvis\/papucurry\/\" rel=\"bookmark\" aria-hidden=\"true\" tabindex=\"-1\"><img loading=\"lazy\" decoding=\"async\" width=\"325\" height=\"480\" src=\"https:\/\/www.foodnspire.com\/fi\/wp-content\/uploads\/2021\/03\/papucurry960x1200-325x480.jpg\" class=\"attachment-genesis-featured-image size-genesis-featured-image\" alt=\"\" srcset=\"https:\/\/www.foodnspire.com\/fi\/wp-content\/uploads\/2021\/03\/papucurry960x1200-325x480.jpg 325w, https:\/\/www.foodnspire.com\/fi\/wp-content\/uploads\/2021\/03\/papucurry960x1200-380x560.jpg 380w\" sizes=\"auto, (max-width: 325px) 100vw, 325px\" \/><\/a><\/div><div class=\"ab-block-post-grid-text\"><header class=\"ab-block-post-grid-header\"><h4 class=\"ab-block-post-grid-title\"><div class=\"post-meta\"><a href=\"https:\/\/www.foodnspire.com\/fi\/paaruoka\/kasvis\/\" rel=\"category tag\">Kasvis<\/a>, <a href=\"https:\/\/www.foodnspire.com\/fi\/paaruoka\/\" rel=\"category tag\">P\u00e4\u00e4ruoka<\/a>, <a href=\"https:\/\/www.foodnspire.com\/fi\/vegaani\/\" rel=\"category tag\">Vegaani<\/a><\/div><a href=\"https:\/\/www.foodnspire.com\/fi\/paaruoka\/kasvis\/papucurry\/\" rel=\"bookmark\">Papucurry<\/a><\/h4><div class=\"ab-block-post-grid-byline\"><\/div><\/header><div class=\"ab-block-post-grid-excerpt\"><\/div><\/div><\/article>\n<article id=\"post-991\" class=\"ab-post-grid-item post-991 post type-post status-publish format-standard has-post-thumbnail category-lisuke category-vegaani tag-basmatiriisi tag-jasmiiniriisi tag-kuinka-keittaa-riisia tag-riisi tag-taydellinen-riisi entry one-fourth\"><div class=\"ab-block-post-grid-image\"><a href=\"https:\/\/www.foodnspire.com\/fi\/lisuke\/taydellinen-riisi\/\" rel=\"bookmark\" aria-hidden=\"true\" tabindex=\"-1\"><img loading=\"lazy\" decoding=\"async\" width=\"325\" height=\"480\" src=\"https:\/\/www.foodnspire.com\/fi\/wp-content\/uploads\/2021\/03\/riisi.960x1200-325x480.jpg\" class=\"attachment-genesis-featured-image size-genesis-featured-image\" alt=\"\" srcset=\"https:\/\/www.foodnspire.com\/fi\/wp-content\/uploads\/2021\/03\/riisi.960x1200-325x480.jpg 325w, https:\/\/www.foodnspire.com\/fi\/wp-content\/uploads\/2021\/03\/riisi.960x1200-380x560.jpg 380w\" sizes=\"auto, (max-width: 325px) 100vw, 325px\" \/><\/a><\/div><div class=\"ab-block-post-grid-text\"><header class=\"ab-block-post-grid-header\"><h4 class=\"ab-block-post-grid-title\"><div class=\"post-meta\"><a href=\"https:\/\/www.foodnspire.com\/fi\/lisuke\/\" rel=\"category tag\">Lisuke<\/a>, <a href=\"https:\/\/www.foodnspire.com\/fi\/vegaani\/\" rel=\"category tag\">Vegaani<\/a><\/div><a href=\"https:\/\/www.foodnspire.com\/fi\/lisuke\/taydellinen-riisi\/\" rel=\"bookmark\">T\u00e4ydellinen riisi<\/a><\/h4><div class=\"ab-block-post-grid-byline\"><\/div><\/header><div class=\"ab-block-post-grid-excerpt\"><\/div><\/div><\/article>\n<article id=\"post-891\" class=\"ab-post-grid-item post-891 post type-post status-publish format-standard has-post-thumbnail category-aamupala category-vegaani tag-tuorepuuro tag-vegaaninen entry one-fourth\"><div class=\"ab-block-post-grid-image\"><a href=\"https:\/\/www.foodnspire.com\/fi\/aamupala\/pikatuorepuuro\/\" rel=\"bookmark\" aria-hidden=\"true\" tabindex=\"-1\"><img loading=\"lazy\" decoding=\"async\" width=\"325\" height=\"480\" src=\"https:\/\/www.foodnspire.com\/fi\/wp-content\/uploads\/2020\/10\/pikatuorepuuro-325x480.jpg\" class=\"attachment-genesis-featured-image size-genesis-featured-image\" alt=\"\" srcset=\"https:\/\/www.foodnspire.com\/fi\/wp-content\/uploads\/2020\/10\/pikatuorepuuro-325x480.jpg 325w, https:\/\/www.foodnspire.com\/fi\/wp-content\/uploads\/2020\/10\/pikatuorepuuro-380x560.jpg 380w\" sizes=\"auto, (max-width: 325px) 100vw, 325px\" \/><\/a><\/div><div class=\"ab-block-post-grid-text\"><header class=\"ab-block-post-grid-header\"><h4 class=\"ab-block-post-grid-title\"><div class=\"post-meta\"><a href=\"https:\/\/www.foodnspire.com\/fi\/aamupala\/\" rel=\"category tag\">Aamupala<\/a>, <a href=\"https:\/\/www.foodnspire.com\/fi\/vegaani\/\" rel=\"category tag\">Vegaani<\/a><\/div><a href=\"https:\/\/www.foodnspire.com\/fi\/aamupala\/pikatuorepuuro\/\" rel=\"bookmark\">Pikatuorepuuro<\/a><\/h4><div class=\"ab-block-post-grid-byline\"><\/div><\/header><div class=\"ab-block-post-grid-excerpt\"><\/div><\/div><\/article>\n<\/div><\/section>\n\n\n<div style=\"height:50px\" aria-hidden=\"true\" class=\"wp-block-spacer\"><\/div>\n\n\n\n<div class=\"wp-block-atomic-blocks-ab-columns ab-layout-columns-2 ab-2-col-wideleft\"><div class=\"ab-layout-column-wrap ab-block-layout-column-gap-2 ab-is-responsive-column\">\n<div class=\"wp-block-atomic-blocks-ab-column ab-block-layout-column\"><div class=\"ab-block-layout-column-inner\"><section class=\"ab-block-post-grid featuredpost alignaligcenter\"><h3 class=\"ab-post-grid-section-title\">Viimeisimm\u00e4t reseptit<\/h3><div class=\"ab-post-grid-items is-grid columns-3\"><article id=\"post-981\" class=\"ab-post-grid-item post-981 post type-post status-publish format-standard has-post-thumbnail category-kasvis category-paaruoka category-vegaani tag-arkiruoka tag-papucurry tag-vegaani entry one-fourth\"><div class=\"ab-block-post-grid-image\"><a href=\"https:\/\/www.foodnspire.com\/fi\/paaruoka\/kasvis\/papucurry\/\" rel=\"bookmark\" aria-hidden=\"true\" tabindex=\"-1\"><img loading=\"lazy\" decoding=\"async\" width=\"325\" height=\"480\" src=\"https:\/\/www.foodnspire.com\/fi\/wp-content\/uploads\/2021\/03\/papucurry960x1200-325x480.jpg\" class=\"attachment-genesis-featured-image size-genesis-featured-image\" alt=\"\" srcset=\"https:\/\/www.foodnspire.com\/fi\/wp-content\/uploads\/2021\/03\/papucurry960x1200-325x480.jpg 325w, https:\/\/www.foodnspire.com\/fi\/wp-content\/uploads\/2021\/03\/papucurry960x1200-380x560.jpg 380w\" sizes=\"auto, (max-width: 325px) 100vw, 325px\" \/><\/a><\/div><div class=\"ab-block-post-grid-text\"><header class=\"ab-block-post-grid-header\"><h4 class=\"ab-block-post-grid-title\"><div class=\"post-meta\"><a href=\"https:\/\/www.foodnspire.com\/fi\/paaruoka\/kasvis\/\" rel=\"category tag\">Kasvis<\/a>, <a href=\"https:\/\/www.foodnspire.com\/fi\/paaruoka\/\" rel=\"category tag\">P\u00e4\u00e4ruoka<\/a>, <a href=\"https:\/\/www.foodnspire.com\/fi\/vegaani\/\" rel=\"category tag\">Vegaani<\/a><\/div><a href=\"https:\/\/www.foodnspire.com\/fi\/paaruoka\/kasvis\/papucurry\/\" rel=\"bookmark\">Papucurry<\/a><\/h4><div class=\"ab-block-post-grid-byline\"><\/div><\/header><div class=\"ab-block-post-grid-excerpt\"><p>Recipe in English Olen halunnut jo pitk\u00e4\u00e4n jakaa t\u00e4nne maailman helpoimman curryohjeen. Samalla ohjeella syntyy niin kasvis- kuin kanacurrykin, ja nyt siis papucurry! Pohjana siihen k\u00e4ytet\u00e4\u00e4n paseerattua tomaattia, kookosmaitoa ja&hellip;<\/p>\n<p><a class=\"ab-block-post-grid-more-link ab-text-link\" href=\"https:\/\/www.foodnspire.com\/fi\/paaruoka\/kasvis\/papucurry\/\" rel=\"bookmark\">Lue lis\u00e4\u00e4 <span class=\"screen-reader-text\">Papucurry<\/span><\/a><\/p><\/div><\/div><\/article>\n<article id=\"post-991\" class=\"ab-post-grid-item post-991 post type-post status-publish format-standard has-post-thumbnail category-lisuke category-vegaani tag-basmatiriisi tag-jasmiiniriisi tag-kuinka-keittaa-riisia tag-riisi tag-taydellinen-riisi entry one-fourth\"><div class=\"ab-block-post-grid-image\"><a href=\"https:\/\/www.foodnspire.com\/fi\/lisuke\/taydellinen-riisi\/\" rel=\"bookmark\" aria-hidden=\"true\" tabindex=\"-1\"><img loading=\"lazy\" decoding=\"async\" width=\"325\" height=\"480\" src=\"https:\/\/www.foodnspire.com\/fi\/wp-content\/uploads\/2021\/03\/riisi.960x1200-325x480.jpg\" class=\"attachment-genesis-featured-image size-genesis-featured-image\" alt=\"\" srcset=\"https:\/\/www.foodnspire.com\/fi\/wp-content\/uploads\/2021\/03\/riisi.960x1200-325x480.jpg 325w, https:\/\/www.foodnspire.com\/fi\/wp-content\/uploads\/2021\/03\/riisi.960x1200-380x560.jpg 380w\" sizes=\"auto, (max-width: 325px) 100vw, 325px\" \/><\/a><\/div><div class=\"ab-block-post-grid-text\"><header class=\"ab-block-post-grid-header\"><h4 class=\"ab-block-post-grid-title\"><div class=\"post-meta\"><a href=\"https:\/\/www.foodnspire.com\/fi\/lisuke\/\" rel=\"category tag\">Lisuke<\/a>, <a href=\"https:\/\/www.foodnspire.com\/fi\/vegaani\/\" rel=\"category tag\">Vegaani<\/a><\/div><a href=\"https:\/\/www.foodnspire.com\/fi\/lisuke\/taydellinen-riisi\/\" rel=\"bookmark\">T\u00e4ydellinen riisi<\/a><\/h4><div class=\"ab-block-post-grid-byline\"><\/div><\/header><div class=\"ab-block-post-grid-excerpt\"><p>Huonosti keitetty riisi pilaa mink\u00e4 tahansa ruoan. Riisin tulisi olla pehme\u00e4\u00e4, ilmavaa ja jyv\u00e4t t\u00e4ysin erill\u00e4\u00e4n. T\u00e4ll\u00e4 ohjeella saavutat juuri t\u00e4llaisen &#8211; t\u00e4ydellisen riisin &#8211; joka kerta. K\u00e4yt\u00e4n keitti\u00f6ss\u00e4ni p\u00e4\u00e4asiassa&hellip;<\/p>\n<p><a class=\"ab-block-post-grid-more-link ab-text-link\" href=\"https:\/\/www.foodnspire.com\/fi\/lisuke\/taydellinen-riisi\/\" rel=\"bookmark\">Lue lis\u00e4\u00e4 <span class=\"screen-reader-text\">T\u00e4ydellinen riisi<\/span><\/a><\/p><\/div><\/div><\/article>\n<article id=\"post-932\" class=\"ab-post-grid-item post-932 post type-post status-publish format-standard has-post-thumbnail category-liha category-paaruoka tag-arkiruoka tag-paprika tag-taytetyt-paprikat entry one-fourth\"><div class=\"ab-block-post-grid-image\"><a href=\"https:\/\/www.foodnspire.com\/fi\/paaruoka\/liha\/taytetyt-paprikat\/\" rel=\"bookmark\" aria-hidden=\"true\" tabindex=\"-1\"><img loading=\"lazy\" decoding=\"async\" width=\"325\" height=\"480\" src=\"https:\/\/www.foodnspire.com\/fi\/wp-content\/uploads\/2021\/02\/taytetyt-paprikat-325x480.jpg\" class=\"attachment-genesis-featured-image size-genesis-featured-image\" alt=\"\" srcset=\"https:\/\/www.foodnspire.com\/fi\/wp-content\/uploads\/2021\/02\/taytetyt-paprikat-325x480.jpg 325w, https:\/\/www.foodnspire.com\/fi\/wp-content\/uploads\/2021\/02\/taytetyt-paprikat-380x560.jpg 380w\" sizes=\"auto, (max-width: 325px) 100vw, 325px\" \/><\/a><\/div><div class=\"ab-block-post-grid-text\"><header class=\"ab-block-post-grid-header\"><h4 class=\"ab-block-post-grid-title\"><div class=\"post-meta\"><a href=\"https:\/\/www.foodnspire.com\/fi\/paaruoka\/liha\/\" rel=\"category tag\">Liha<\/a>, <a href=\"https:\/\/www.foodnspire.com\/fi\/paaruoka\/\" rel=\"category tag\">P\u00e4\u00e4ruoka<\/a><\/div><a href=\"https:\/\/www.foodnspire.com\/fi\/paaruoka\/liha\/taytetyt-paprikat\/\" rel=\"bookmark\">T\u00e4ytetyt paprikat<\/a><\/h4><div class=\"ab-block-post-grid-byline\"><\/div><\/header><div class=\"ab-block-post-grid-excerpt\"><p>Recipe in English N\u00e4\u00e4 on niin helppoja ja hyvi\u00e4! Jokunen vuosi sitten keksin tehd\u00e4 n\u00e4it\u00e4 t\u00e4ytettyj\u00e4 paprikoita, kun kokeilin hetkellisesti sy\u00f6d\u00e4 v\u00e4hemm\u00e4n hiilareita. N\u00e4it\u00e4 on sen j\u00e4lkeen tehty meill\u00e4 tosi&hellip;<\/p>\n<p><a class=\"ab-block-post-grid-more-link ab-text-link\" href=\"https:\/\/www.foodnspire.com\/fi\/paaruoka\/liha\/taytetyt-paprikat\/\" rel=\"bookmark\">Lue lis\u00e4\u00e4 <span class=\"screen-reader-text\">T\u00e4ytetyt paprikat<\/span><\/a><\/p><\/div><\/div><\/article>\n<\/div><\/section>\n\n\n<\/p>\n<hr class=\"wp-block-separator has-text-color has-background has-theme-primary-background-color has-theme-primary-color fullwidth\" \/>\n\n\n\n<\/p>\n<div class=\"wp-block-button aligncenter is-style-outline\"><a class=\"wp-block-button__link has-text-color has-theme-primary-color\" href=\"\/recipe-index\">LOAD MORE RECIPES<\/a><\/div>\n<p>\n\n\n\n<p><\/p>\n<\/div><\/div>\n\n\n\n<div class=\"wp-block-atomic-blocks-ab-column ab-block-layout-column\"><div class=\"ab-block-layout-column-inner\"><div id=\"front-page-sidebar\" class=\"front-page-sidebar\"><div class=\"widget-area\"><div class=\"wrap\"><section id=\"user-profile-1\" class=\"widget user-profile\"><div class=\"widget-wrap\"><p><img alt='' src='https:\/\/secure.gravatar.com\/avatar\/c0e6781279c13b39d8713937debc18ca27e8828e354f451db9d9b2a78fa95f62?s=240&#038;d=wp_user_avatar&#038;r=g' srcset='https:\/\/secure.gravatar.com\/avatar\/c0e6781279c13b39d8713937debc18ca27e8828e354f451db9d9b2a78fa95f62?s=480&#038;d=wp_user_avatar&#038;r=g 2x' class='avatar avatar-240 photo' height='240' width='240' \/><\/p>\n<h3>Kiva, ett\u00e4 pist\u00e4ydyit!<\/h3>\n<p>T\u00e4\u00e4lt\u00e4 l\u00f6yd\u00e4t reseptej\u00e4, jotka ovat tarttuneet matkaani vuosien varrelta ja joita teen kerta toisensa j\u00e4lkeen uudelleen.  Toivottavasti l\u00f6yd\u00e4t t\u00e4\u00e4lt\u00e4 inspiraatiota my\u00f6s omaan keitti\u00f6\u00f6si! <br \/>xx Piia<\/p>\n<\/div><\/section>\n<section id=\"simple-social-icons-2\" class=\"widget simple-social-icons\"><div class=\"widget-wrap\"><ul class=\"aligncenter\"><li class=\"ssi-facebook\"><a href=\"https:\/\/www.facebook.com\/foodnspire\" ><svg role=\"img\" class=\"social-facebook\" aria-labelledby=\"social-facebook-2\"><title id=\"social-facebook-2\">Facebook<\/title><use xlink:href=\"https:\/\/www.foodnspire.com\/fi\/wp-content\/plugins\/simple-social-icons\/symbol-defs.svg#social-facebook\"><\/use><\/svg><\/a><\/li><li class=\"ssi-instagram\"><a href=\"https:\/\/www.instagram.com\/foodnspired\/\" ><svg role=\"img\" class=\"social-instagram\" aria-labelledby=\"social-instagram-2\"><title id=\"social-instagram-2\">Instagram<\/title><use xlink:href=\"https:\/\/www.foodnspire.com\/fi\/wp-content\/plugins\/simple-social-icons\/symbol-defs.svg#social-instagram\"><\/use><\/svg><\/a><\/li><li class=\"ssi-pinterest\"><a href=\"https:\/\/fi.pinterest.com\/piiadoyle\/foodnspire\/\" ><svg role=\"img\" class=\"social-pinterest\" aria-labelledby=\"social-pinterest-2\"><title id=\"social-pinterest-2\">Pinterest<\/title><use xlink:href=\"https:\/\/www.foodnspire.com\/fi\/wp-content\/plugins\/simple-social-icons\/symbol-defs.svg#social-pinterest\"><\/use><\/svg><\/a><\/li><\/ul><\/div><\/section>\n<section id=\"search-5\" class=\"widget widget_search\"><div class=\"widget-wrap\"><form class=\"search-form\" method=\"get\" action=\"https:\/\/www.foodnspire.com\/fi\/\" role=\"search\" itemprop=\"potentialAction\" itemscope itemtype=\"https:\/\/schema.org\/SearchAction\"><label class=\"search-form-label screen-reader-text\" for=\"searchform-1\">Search this website<\/label><input class=\"search-form-input\" type=\"search\" name=\"s\" id=\"searchform-1\" placeholder=\"Search this website\" itemprop=\"query-input\"><input class=\"search-form-submit\" type=\"submit\" value=\"Search\"><meta content=\"https:\/\/www.foodnspire.com\/fi\/?s={s}\" itemprop=\"target\"><\/form><\/div><\/section>\n<\/div><\/div><\/div>\n\n\n\n<\/p>\n<p>\u00a0<\/p>\n<p>\n\n\n\n<p><\/p>\n<\/div><\/div>\n<\/div><\/div>\n<\/div><\/div>\n\n\n<p><!-- \/wp:post-content --><\/p>\n<p><!-- wp:paragraph --><\/p>\n<p><!-- \/wp:paragraph --><\/p>\n\n<!-- wp:columns -->\n<div class=\"wp-block-columns\"><\/div>\n<!-- \/wp:columns -->","protected":false},"excerpt":{"rendered":"<p>FoodnSpire Yhteisty\u00f6 Jos haluat tehd\u00e4 yhteisty\u00f6t\u00e4 kanssani, niin laitathan meili\u00e4. Katsotaan mit\u00e4 keksit\u00e4\u00e4n! ota yhteytt\u00e4 ruokakuvaus<\/p>\n","protected":false},"author":1,"featured_media":0,"parent":0,"menu_order":0,"comment_status":"closed","ping_status":"closed","template":"","meta":{"wprm-recipe-roundup-name":"","wprm-recipe-roundup-description":"","_genesis_hide_title":true,"_genesis_hide_breadcrumbs":false,"_genesis_hide_singular_image":true,"_genesis_hide_footer_widgets":false,"_genesis_custom_body_class":"","_genesis_custom_post_class":"","_genesis_layout":"full-width-content","footnotes":""},"class_list":{"0":"post-116","1":"page","2":"type-page","3":"status-publish","5":"entry","6":"has-post-thumbnail","7":"one-fourth"},"featured_image_src":null,"featured_image_src_square":null,"_links":{"self":[{"href":"https:\/\/www.foodnspire.com\/fi\/wp-json\/wp\/v2\/pages\/116","targetHints":{"allow":["GET"]}}],"collection":[{"href":"https:\/\/www.foodnspire.com\/fi\/wp-json\/wp\/v2\/pages"}],"about":[{"href":"https:\/\/www.foodnspire.com\/fi\/wp-json\/wp\/v2\/types\/page"}],"author":[{"embeddable":true,"href":"https:\/\/www.foodnspire.com\/fi\/wp-json\/wp\/v2\/users\/1"}],"replies":[{"embeddable":true,"href":"https:\/\/www.foodnspire.com\/fi\/wp-json\/wp\/v2\/comments?post=116"}],"version-history":[{"count":75,"href":"https:\/\/www.foodnspire.com\/fi\/wp-json\/wp\/v2\/pages\/116\/revisions"}],"predecessor-version":[{"id":1052,"href":"https:\/\/www.foodnspire.com\/fi\/wp-json\/wp\/v2\/pages\/116\/revisions\/1052"}],"wp:attachment":[{"href":"https:\/\/www.foodnspire.com\/fi\/wp-json\/wp\/v2\/media?parent=116"}],"curies":[{"name":"wp","href":"https:\/\/api.w.org\/{rel}","templated":true}]}}